{"id":28,"date":"2025-05-21T20:26:05","date_gmt":"2025-05-21T20:26:05","guid":{"rendered":"https:\/\/missecochile.cl\/?page_id=28"},"modified":"2025-05-23T00:08:37","modified_gmt":"2025-05-23T00:08:37","slug":"postulaciones","status":"publish","type":"page","link":"https:\/\/missecochile.cl\/index.php\/postulaciones\/","title":{"rendered":"Postulaciones"},"content":{"rendered":"<div class=\"wp-block-group alignfull has-global-padding is-content-justification-center is-layout-constrained wp-block-group-is-layout-constrained\"><p><\/p>\n\n<p class=\"has-large-font-size\"><strong>\u00a1Bienvenida a la experiencia Miss Eco International Chile 2025!<\/strong><\/p>\n\n<p class=\"has-medium-font-size\">\u00bfEst\u00e1s lista para representar a Chile en un certamen de belleza con prop\u00f3sito? Esta es tu oportunidad de convertirte en una embajadora del cambio sostenible, destacar tu voz y talento, y representar a nuestro pa\u00eds en la gran final internacional que se realizar\u00e1 en <strong>abril de 2026 en Egipto<\/strong>, con <strong>todos los gastos pagados<\/strong>.<\/p>\n\n<p class=\"has-medium-font-size\">La final nacional est\u00e1 programada tentativamente para la <strong>\u00faltima semana de noviembre de 2025<\/strong>. Si compartes nuestra visi\u00f3n de empoderar a la mujer a trav\u00e9s de la conciencia ecol\u00f3gica, el liderazgo y la belleza con causa, \u00a1queremos conocerte!<\/p>\n\n<h4 class=\"wp-block-heading has-medium-font-size\">Requisitos:<\/h4>\n\n<ul class=\"wp-block-list\"><li class=\"has-medium-font-size\">Tener <strong>18 a\u00f1os cumplidos al 1 de noviembre de 2025<\/strong>.<\/li>\n\n<li class=\"has-medium-font-size\">Poseer <strong>nacionalidad chilena<\/strong>.<\/li>\n\n<li class=\"has-medium-font-size\">No tener limitancias para viajar en territorio nacional e Internacional<\/li>\n\n<li class=\"has-medium-font-size\">Promoveer y participar en camapa\u00f1as de sustentibilidad<\/li><\/ul>\n\n<p class=\"has-medium-font-size\">Completa el siguiente formulario para postular al <strong>casting online oficial<\/strong>. Nos pondremos en contacto contigo para las siguientes etapas del proceso.<\/p>\n\n<p class=\"has-medium-font-size\"><strong>S\u00e9 parte del cambio. S\u00e9 parte de Miss Eco Chile 2025.<\/strong><\/p>\n\n<p class=\"has-medium-font-size\">Para mas info sobre bases click <a href=\"#\">aqui<\/a><\/p>\n\n<p class=\"has-medium-font-size\">[<a href=\"https:\/\/docs.google.com\/forms\/d\/e\/1FAIpQLSf1F1aGuCgaJU7QBZNCyQJAtnuCI7PfZAT_OfjL2ypSEv66dg\/viewform\">Formulario de Inscripci\u00f3n<\/a>]<\/p><\/div><p><\/p><p><\/p><p><\/p><p><\/p><p><\/p><p><\/p><p><\/p><p><\/p><p><\/p><p><\/p><p><\/p><p><\/p>","protected":false},"excerpt":{"rendered":"<p>\u00a1Bienvenida a la experiencia Miss Eco International Chile 2025! \u00bfEst\u00e1s lista para representar a Chile en un certamen de belleza con prop\u00f3sito? Esta es tu oportunidad de convertirte en una embajadora del cambio sostenible, destacar tu voz y talento, y representar a nuestro pa\u00eds en la gran final internacional que se realizar\u00e1 en abril de [&hellip;]<\/p>\n","protected":false},"author":1,"featured_media":0,"parent":0,"menu_order":0,"comment_status":"closed","ping_status":"closed","template":"","meta":{"footnotes":""},"class_list":["post-28","page","type-page","status-publish","hentry"],"jetpack_sharing_enabled":true,"_links":{"self":[{"href":"https:\/\/missecochile.cl\/index.php\/wp-json\/wp\/v2\/pages\/28","targetHints":{"allow":["GET"]}}],"collection":[{"href":"https:\/\/missecochile.cl\/index.php\/wp-json\/wp\/v2\/pages"}],"about":[{"href":"https:\/\/missecochile.cl\/index.php\/wp-json\/wp\/v2\/types\/page"}],"author":[{"embeddable":true,"href":"https:\/\/missecochile.cl\/index.php\/wp-json\/wp\/v2\/users\/1"}],"replies":[{"embeddable":true,"href":"https:\/\/missecochile.cl\/index.php\/wp-json\/wp\/v2\/comments?post=28"}],"version-history":[{"count":10,"href":"https:\/\/missecochile.cl\/index.php\/wp-json\/wp\/v2\/pages\/28\/revisions"}],"predecessor-version":[{"id":145,"href":"https:\/\/missecochile.cl\/index.php\/wp-json\/wp\/v2\/pages\/28\/revisions\/145"}],"wp:attachment":[{"href":"https:\/\/missecochile.cl\/index.php\/wp-json\/wp\/v2\/media?parent=28"}],"curies":[{"name":"wp","href":"https:\/\/api.w.org\/{rel}","templated":true}]}}