{"id":2,"date":"2025-05-21T19:48:00","date_gmt":"2025-05-21T19:48:00","guid":{"rendered":"https:\/\/missecochile.cl\/?page_id=2"},"modified":"2025-05-21T21:40:18","modified_gmt":"2025-05-21T21:40:18","slug":"pagina-de-inicio","status":"publish","type":"page","link":"https:\/\/missecochile.cl\/","title":{"rendered":""},"content":{"rendered":"<div class=\"wp-block-columns is-layout-flex wp-container-core-columns-is-layout-28f84493 wp-block-columns-is-layout-flex\"><div class=\"wp-block-column is-layout-flow wp-block-column-is-layout-flow\" style=\"flex-basis:100%\"><div class=\"wp-block-group is-vertical is-layout-flex wp-container-core-group-is-layout-fe9cc265 wp-block-group-is-layout-flex\"><figure class=\"wp-block-video aligncenter\"><video autoplay loop muted src=\"https:\/\/missecointernational.com\/wp-content\/uploads\/2024\/05\/header.mp4\"><\/video><\/figure><\/div><\/div><\/div><h2 class=\"wp-block-heading\"><em>QU\u00c9 ES<\/em><\/h2><h3 class=\"wp-block-heading\">\u00bfMiss Eco Internacional Chile?<\/h3><div class=\"wp-block-group has-global-padding is-layout-constrained wp-block-group-is-layout-constrained\"><blockquote class=\"wp-block-quote alignwide is-layout-flow wp-block-quote-is-layout-flow\"><p class=\"has-text-align-left\"><sup>\u201cUn certamen que celebra la belleza, el talento y el compromiso con el medio ambiente\u00bb<\/sup><\/p><\/blockquote><\/div><div class=\"wp-block-group alignwide has-global-padding is-content-justification-center is-layout-constrained wp-block-group-is-layout-constrained\"><p>Miss Eco International es un concurso global de belleza y conciencia ecol\u00f3gica que tiene como objetivo empoderar a mujeres de todo el mundo para que se conviertan en agentes de cambio en sus comunidades.<\/p>\n\n<p class=\"is-style-default\">Este certamen no solo celebra la belleza exterior, sino que valora profundamente el trabajo de las participantes por proteger el planeta y promover la sostenibilidad.<\/p>\n\n<p>Este 2025, Miss Eco International llega a Chile, ofreciendo una plataforma \u00fanica para que mujeres talentosas del pa\u00eds puedan representar su pasi\u00f3n por el medio ambiente y su compromiso con el futuro de nuestro planeta.<\/p>\n\n<p>La edici\u00f3n chilena ser\u00e1 una oportunidad para que las participantes muestren su liderazgo, sus proyectos ecol\u00f3gicos, y el impacto que pueden generar en la sociedad.<\/p>\n\n<p>El certamen Miss Eco International no solo busca coronar a una reina de belleza, sino tambi\u00e9n a una mujer que inspire y eduque sobre la importancia de la sostenibilidad.<\/p><\/div><p class=\"is-style-text-subtitle is-style-text-subtitle--1\"><\/p><p><\/p>","protected":false},"excerpt":{"rendered":"<p>QU\u00c9 ES \u00bfMiss Eco Internacional Chile? \u201cUn certamen que celebra la belleza, el talento y el compromiso con el medio ambiente\u00bb Miss Eco International es un concurso global de belleza y conciencia ecol\u00f3gica que tiene como objetivo empoderar a mujeres de todo el mundo para que se conviertan en agentes de cambio en sus comunidades. [&hellip;]<\/p>\n","protected":false},"author":1,"featured_media":0,"parent":0,"menu_order":0,"comment_status":"closed","ping_status":"closed","template":"","meta":{"footnotes":""},"class_list":["post-2","page","type-page","status-publish","hentry"],"jetpack_sharing_enabled":true,"_links":{"self":[{"href":"https:\/\/missecochile.cl\/index.php\/wp-json\/wp\/v2\/pages\/2","targetHints":{"allow":["GET"]}}],"collection":[{"href":"https:\/\/missecochile.cl\/index.php\/wp-json\/wp\/v2\/pages"}],"about":[{"href":"https:\/\/missecochile.cl\/index.php\/wp-json\/wp\/v2\/types\/page"}],"author":[{"embeddable":true,"href":"https:\/\/missecochile.cl\/index.php\/wp-json\/wp\/v2\/users\/1"}],"replies":[{"embeddable":true,"href":"https:\/\/missecochile.cl\/index.php\/wp-json\/wp\/v2\/comments?post=2"}],"version-history":[{"count":23,"href":"https:\/\/missecochile.cl\/index.php\/wp-json\/wp\/v2\/pages\/2\/revisions"}],"predecessor-version":[{"id":68,"href":"https:\/\/missecochile.cl\/index.php\/wp-json\/wp\/v2\/pages\/2\/revisions\/68"}],"wp:attachment":[{"href":"https:\/\/missecochile.cl\/index.php\/wp-json\/wp\/v2\/media?parent=2"}],"curies":[{"name":"wp","href":"https:\/\/api.w.org\/{rel}","templated":true}]}}